{"id":44,"date":"2018-04-21T21:55:21","date_gmt":"2018-04-21T19:55:21","guid":{"rendered":"http:\/\/skrawaniem.pl\/de\/?page_id=44"},"modified":"2019-04-29T13:04:36","modified_gmt":"2019-04-29T11:04:36","slug":"kontakt","status":"publish","type":"page","link":"http:\/\/skrawaniem.pl\/de\/kontakt\/","title":{"rendered":"Kontakt"},"content":{"rendered":"<p>P.P.H Import-Export<br \/>\nPiotr Ryba<br \/>\nul. Benicka 32<br \/>\n63-700 Krotoszyn, Polska<\/p>\n<p>Tel. \u00a0+48 696 999 888<br \/>\nE-mail: <a href=\"mailto:skrawaniem@skrawaniem.pl\">skrawaniem@skrawaniem.pl<\/a><\/p>\n<div id=\"wpgmza_map\" style=\"display: block; overflow: hidden; width: 100%; height: 400px; float: left; position: relative;\">\n<div style=\"height: 100%; width: 100%; position: absolute; top: 0px; left: 0px; background-color: #e5e3df;\">\n<div class=\"gm-style\" style=\"position: absolute; z-index: 0; left: 0px; top: 0px; height: 100%; width: 100%; padding: 0px; border-width: 0px; margin: 0px;\">\n<div style=\"position: absolute; z-index: 0; left: 0px; top: 0px; height: 100%; width: 100%; padding: 0px; border-width: 0px; margin: 0px; cursor: url('http:\/\/maps.gstatic.com\/mapfiles\/openhand_8_8.cur') 8 8, default;\" tabindex=\"0\">\n<div style=\"z-index: 1; position: absolute; top: 0px; left: 0px; width: 100%; transform-origin: 0px 0px; transform: matrix(1, 0, 0, 1, 0, 0);\">\n<div style=\"position: absolute; left: 0px; top: 0px; z-index: 100; width: 100%;\">\n<div style=\"position: absolute; left: 0px; top: 0px; z-index: 0;\">\n<div style=\"position: absolute; left: 0px; top: 0px; z-index: 1; visibility: inherit;\" aria-hidden=\"true\">\n<div style=\"width: 256px; height: 256px; position: absolute; left: 278px; top: 85px;\"><\/div>\n<div style=\"width: 256px; height: 256px; position: absolute; left: 534px; top: 85px;\"><\/div>\n<div style=\"width: 256px; height: 256px; position: absolute; left: 278px; top: -171px;\"><\/div>\n<div style=\"width: 256px; height: 256px; position: absolute; left: 278px; top: 341px;\"><\/div>\n<div style=\"width: 256px; height: 256px; position: absolute; left: 534px; top: -171px;\"><\/div>\n<div style=\"width: 256px; height: 256px; position: absolute; left: 534px; top: 341px;\"><\/div>\n<div style=\"width: 256px; height: 256px; position: absolute; left: 22px; top: 85px;\"><\/div>\n<div style=\"width: 256px; height: 256px; position: absolute; left: 790px; top: 85px;\"><\/div>\n<div style=\"width: 256px; height: 256px; position: absolute; left: 22px; top: -171px;\"><\/div>\n<div style=\"width: 256px; height: 256px; position: absolute; left: 22px; top: 341px;\"><\/div>\n<div style=\"width: 256px; height: 256px; position: absolute; left: 790px; top: -171px;\"><\/div>\n<div style=\"width: 256px; height: 256px; position: absolute; left: 790px; top: 341px;\"><\/div>\n<div style=\"width: 256px; height: 256px; position: absolute; left: -234px; top: 85px;\"><\/div>\n<div style=\"width: 256px; height: 256px; position: absolute; left: 1046px; top: 85px;\"><\/div>\n<div style=\"width: 256px; height: 256px; position: absolute; left: -234px; top: -171px;\"><\/div>\n<div style=\"width: 256px; height: 256px; position: absolute; left: -234px; top: 341px;\"><\/div>\n<div style=\"width: 256px; height: 256px; position: absolute; left: 1046px; top: -171px;\"><\/div>\n<div style=\"width: 256px; height: 256px; position: absolute; left: 1046px; top: 341px;\"><\/div>\n<\/div>\n<\/div>\n<\/div>\n<div style=\"position: absolute; left: 0px; top: 0px; z-index: 101; width: 100%;\"><\/div>\n<div style=\"position: absolute; left: 0px; top: 0px; z-index: 102; width: 100%;\"><\/div>\n<div style=\"position: absolute; left: 0px; top: 0px; z-index: 103; width: 100%;\">\n<div style=\"position: absolute; left: 0px; top: 0px; z-index: -1;\">\n<div style=\"position: absolute; left: 0px; top: 0px; z-index: 1; visibility: inherit;\" aria-hidden=\"true\">\n<div style=\"width: 256px; height: 256px; overflow: hidden; position: absolute; left: 278px; top: 85px;\"><\/div>\n<div style=\"width: 256px; height: 256px; overflow: hidden; position: absolute; left: 534px; top: 85px;\"><\/div>\n<div style=\"width: 256px; height: 256px; overflow: hidden; position: absolute; left: 278px; top: -171px;\"><\/div>\n<div style=\"width: 256px; height: 256px; overflow: hidden; position: absolute; left: 278px; top: 341px;\"><\/div>\n<div style=\"width: 256px; height: 256px; overflow: hidden; position: absolute; left: 534px; top: -171px;\"><\/div>\n<div style=\"width: 256px; height: 256px; overflow: hidden; position: absolute; left: 534px; top: 341px;\"><\/div>\n<div style=\"width: 256px; height: 256px; overflow: hidden; position: absolute; left: 22px; top: 85px;\"><\/div>\n<div style=\"width: 256px; height: 256px; overflow: hidden; position: absolute; left: 790px; top: 85px;\"><\/div>\n<div style=\"width: 256px; height: 256px; overflow: hidden; position: absolute; left: 22px; top: -171px;\"><\/div>\n<div style=\"width: 256px; height: 256px; overflow: hidden; position: absolute; left: 22px; top: 341px;\"><\/div>\n<div style=\"width: 256px; height: 256px; overflow: hidden; position: absolute; left: 790px; top: -171px;\"><\/div>\n<div style=\"width: 256px; height: 256px; overflow: hidden; position: absolute; left: 790px; top: 341px;\"><\/div>\n<div style=\"width: 256px; height: 256px; overflow: hidden; position: absolute; left: -234px; top: 85px;\"><\/div>\n<div style=\"width: 256px; height: 256px; overflow: hidden; position: absolute; left: 1046px; top: 85px;\"><\/div>\n<div style=\"width: 256px; height: 256px; overflow: hidden; position: absolute; left: -234px; top: -171px;\"><\/div>\n<div style=\"width: 256px; height: 256px; overflow: hidden; position: absolute; left: -234px; top: 341px;\"><\/div>\n<div style=\"width: 256px; height: 256px; overflow: hidden; position: absolute; left: 1046px; top: -171px;\"><\/div>\n<div style=\"width: 256px; height: 256px; overflow: hidden; position: absolute; left: 1046px; top: 341px;\"><\/div>\n<\/div>\n<\/div>\n<\/div>\n<div style=\"position: absolute; left: 0px; top: 0px; z-index: 0;\">\n<div style=\"position: absolute; left: 0px; top: 0px; z-index: 1; visibility: inherit;\" aria-hidden=\"true\">\n<div style=\"position: absolute; left: 278px; top: 85px; transition: opacity 200ms ease-out;\"><img decoding=\"async\" style=\"width: 256px; height: 256px; -webkit-user-select: none; border: 0px; padding: 0px; margin: 0px; max-width: none;\" draggable=\"false\" src=\"http:\/\/maps.google.com\/maps\/vt?pb=!1m5!1m4!1i7!2i69!3i42!4i256!2m3!1e0!2sm!3i419119216!3m9!2spl!3sUS!5e18!12m1!1e68!12m3!1e37!2m1!1ssmartmaps!4e0&amp;token=4384\" alt=\"\" \/><\/div>\n<div style=\"position: absolute; left: 534px; top: 85px; transition: opacity 200ms ease-out;\"><img decoding=\"async\" style=\"width: 256px; height: 256px; -webkit-user-select: none; border: 0px; padding: 0px; margin: 0px; max-width: none;\" draggable=\"false\" src=\"http:\/\/maps.google.com\/maps\/vt?pb=!1m5!1m4!1i7!2i70!3i42!4i256!2m3!1e0!2sm!3i419119216!3m9!2spl!3sUS!5e18!12m1!1e68!12m3!1e37!2m1!1ssmartmaps!4e0&amp;token=9113\" alt=\"\" \/><\/div>\n<div style=\"position: absolute; left: 278px; top: -171px; transition: opacity 200ms ease-out;\"><img decoding=\"async\" style=\"width: 256px; height: 256px; -webkit-user-select: none; border: 0px; padding: 0px; margin: 0px; max-width: none;\" draggable=\"false\" src=\"http:\/\/maps.google.com\/maps\/vt?pb=!1m5!1m4!1i7!2i69!3i41!4i256!2m3!1e0!2sm!3i419119216!3m9!2spl!3sUS!5e18!12m1!1e68!12m3!1e37!2m1!1ssmartmaps!4e0&amp;token=82253\" alt=\"\" \/><\/div>\n<div style=\"position: absolute; left: 278px; top: 341px; transition: opacity 200ms ease-out;\"><img decoding=\"async\" style=\"width: 256px; height: 256px; -webkit-user-select: none; border: 0px; padding: 0px; margin: 0px; max-width: none;\" draggable=\"false\" src=\"http:\/\/maps.google.com\/maps\/vt?pb=!1m5!1m4!1i7!2i69!3i43!4i256!2m3!1e0!2sm!3i419119216!3m9!2spl!3sUS!5e18!12m1!1e68!12m3!1e37!2m1!1ssmartmaps!4e0&amp;token=57586\" alt=\"\" \/><\/div>\n<div style=\"position: absolute; left: 534px; top: -171px; transition: opacity 200ms ease-out;\"><img decoding=\"async\" style=\"width: 256px; height: 256px; -webkit-user-select: none; border: 0px; padding: 0px; margin: 0px; max-width: none;\" draggable=\"false\" src=\"http:\/\/maps.google.com\/maps\/vt?pb=!1m5!1m4!1i7!2i70!3i41!4i256!2m3!1e0!2sm!3i419119216!3m9!2spl!3sUS!5e18!12m1!1e68!12m3!1e37!2m1!1ssmartmaps!4e0&amp;token=86982\" alt=\"\" \/><\/div>\n<div style=\"position: absolute; left: 534px; top: 341px; transition: opacity 200ms ease-out;\"><img decoding=\"async\" style=\"width: 256px; height: 256px; -webkit-user-select: none; border: 0px; padding: 0px; margin: 0px; max-width: none;\" draggable=\"false\" src=\"http:\/\/maps.google.com\/maps\/vt?pb=!1m5!1m4!1i7!2i70!3i43!4i256!2m3!1e0!2sm!3i419119216!3m9!2spl!3sUS!5e18!12m1!1e68!12m3!1e37!2m1!1ssmartmaps!4e0&amp;token=62315\" alt=\"\" \/><\/div>\n<div style=\"position: absolute; left: 22px; top: 85px; transition: opacity 200ms ease-out;\"><img decoding=\"async\" style=\"width: 256px; height: 256px; -webkit-user-select: none; border: 0px; padding: 0px; margin: 0px; max-width: none;\" draggable=\"false\" src=\"http:\/\/maps.google.com\/maps\/vt?pb=!1m5!1m4!1i7!2i68!3i42!4i256!2m3!1e0!2sm!3i419119216!3m9!2spl!3sUS!5e18!12m1!1e68!12m3!1e37!2m1!1ssmartmaps!4e0&amp;token=40883\" alt=\"\" \/><\/div>\n<div style=\"position: absolute; left: 790px; top: 85px; transition: opacity 200ms ease-out;\"><img decoding=\"async\" style=\"width: 256px; height: 256px; -webkit-user-select: none; border: 0px; padding: 0px; margin: 0px; max-width: none;\" draggable=\"false\" src=\"http:\/\/maps.google.com\/maps\/vt?pb=!1m5!1m4!1i7!2i71!3i42!4i256!2m3!1e0!2sm!3i419119216!3m9!2spl!3sUS!5e18!12m1!1e68!12m3!1e37!2m1!1ssmartmaps!4e0&amp;token=103685\" alt=\"\" \/><\/div>\n<div style=\"position: absolute; left: 22px; top: -171px; transition: opacity 200ms ease-out;\"><img decoding=\"async\" style=\"width: 256px; height: 256px; -webkit-user-select: none; border: 0px; padding: 0px; margin: 0px; max-width: none;\" draggable=\"false\" src=\"http:\/\/maps.google.com\/maps\/vt?pb=!1m5!1m4!1i7!2i68!3i41!4i256!2m3!1e0!2sm!3i419119216!3m9!2spl!3sUS!5e18!12m1!1e68!12m3!1e37!2m1!1ssmartmaps!4e0&amp;token=118752\" alt=\"\" \/><\/div>\n<div style=\"position: absolute; left: 22px; top: 341px; transition: opacity 200ms ease-out;\"><img decoding=\"async\" style=\"width: 256px; height: 256px; -webkit-user-select: none; border: 0px; padding: 0px; margin: 0px; max-width: none;\" draggable=\"false\" src=\"http:\/\/maps.google.com\/maps\/vt?pb=!1m5!1m4!1i7!2i68!3i43!4i256!2m3!1e0!2sm!3i419119216!3m9!2spl!3sUS!5e18!12m1!1e68!12m3!1e37!2m1!1ssmartmaps!4e0&amp;token=94085\" alt=\"\" \/><\/div>\n<div style=\"position: absolute; left: 790px; top: -171px; transition: opacity 200ms ease-out;\"><img decoding=\"async\" style=\"width: 256px; height: 256px; -webkit-user-select: none; border: 0px; padding: 0px; margin: 0px; max-width: none;\" draggable=\"false\" src=\"http:\/\/maps.google.com\/maps\/vt?pb=!1m5!1m4!1i7!2i71!3i41!4i256!2m3!1e0!2sm!3i419119216!3m9!2spl!3sUS!5e18!12m1!1e68!12m3!1e37!2m1!1ssmartmaps!4e0&amp;token=50483\" alt=\"\" \/><\/div>\n<div style=\"position: absolute; left: 790px; top: 341px; transition: opacity 200ms ease-out;\"><img decoding=\"async\" style=\"width: 256px; height: 256px; -webkit-user-select: none; border: 0px; padding: 0px; margin: 0px; max-width: none;\" draggable=\"false\" src=\"http:\/\/maps.google.com\/maps\/vt?pb=!1m5!1m4!1i7!2i71!3i43!4i256!2m3!1e0!2sm!3i419119216!3m9!2spl!3sUS!5e18!12m1!1e68!12m3!1e37!2m1!1ssmartmaps!4e0&amp;token=25816\" alt=\"\" \/><\/div>\n<div style=\"position: absolute; left: -234px; top: 85px; transition: opacity 200ms ease-out;\"><img decoding=\"async\" style=\"width: 256px; height: 256px; -webkit-user-select: none; border: 0px; padding: 0px; margin: 0px; max-width: none;\" draggable=\"false\" src=\"http:\/\/maps.google.com\/maps\/vt?pb=!1m5!1m4!1i7!2i67!3i42!4i256!2m3!1e0!2sm!3i419119216!3m9!2spl!3sUS!5e18!12m1!1e68!12m3!1e37!2m1!1ssmartmaps!4e0&amp;token=77382\" alt=\"\" \/><\/div>\n<div style=\"position: absolute; left: 1046px; top: 85px; transition: opacity 200ms ease-out;\"><img decoding=\"async\" style=\"width: 256px; height: 256px; -webkit-user-select: none; border: 0px; padding: 0px; margin: 0px; max-width: none;\" draggable=\"false\" src=\"http:\/\/maps.google.com\/maps\/vt?pb=!1m5!1m4!1i7!2i72!3i42!4i256!2m3!1e0!2sm!3i419119216!3m9!2spl!3sUS!5e18!12m1!1e68!12m3!1e37!2m1!1ssmartmaps!4e0&amp;token=67186\" alt=\"\" \/><\/div>\n<div style=\"position: absolute; left: -234px; top: -171px; transition: opacity 200ms ease-out;\"><img decoding=\"async\" style=\"width: 256px; height: 256px; -webkit-user-select: none; border: 0px; padding: 0px; margin: 0px; max-width: none;\" draggable=\"false\" src=\"http:\/\/maps.google.com\/maps\/vt?pb=!1m5!1m4!1i7!2i67!3i41!4i256!2m3!1e0!2sm!3i419119216!3m9!2spl!3sUS!5e18!12m1!1e68!12m3!1e37!2m1!1ssmartmaps!4e0&amp;token=24180\" alt=\"\" \/><\/div>\n<div style=\"position: absolute; left: -234px; top: 341px; transition: opacity 200ms ease-out;\"><img decoding=\"async\" style=\"width: 256px; height: 256px; -webkit-user-select: none; border: 0px; padding: 0px; margin: 0px; max-width: none;\" draggable=\"false\" src=\"http:\/\/maps.google.com\/maps\/vt?pb=!1m5!1m4!1i7!2i67!3i43!4i256!2m3!1e0!2sm!3i419119216!3m9!2spl!3sUS!5e18!12m1!1e68!12m3!1e37!2m1!1ssmartmaps!4e0&amp;token=130584\" alt=\"\" \/><\/div>\n<div style=\"position: absolute; left: 1046px; top: -171px; transition: opacity 200ms ease-out;\"><img decoding=\"async\" style=\"width: 256px; height: 256px; -webkit-user-select: none; border: 0px; padding: 0px; margin: 0px; max-width: none;\" draggable=\"false\" src=\"http:\/\/maps.google.com\/maps\/vt?pb=!1m5!1m4!1i7!2i72!3i41!4i256!2m3!1e0!2sm!3i419119204!3m9!2spl!3sUS!5e18!12m1!1e68!12m3!1e37!2m1!1ssmartmaps!4e0&amp;token=14179\" alt=\"\" \/><\/div>\n<div style=\"position: absolute; left: 1046px; top: 341px; transition: opacity 200ms ease-out;\"><img decoding=\"async\" style=\"width: 256px; height: 256px; -webkit-user-select: none; border: 0px; padding: 0px; margin: 0px; max-width: none;\" draggable=\"false\" src=\"http:\/\/maps.google.com\/maps\/vt?pb=!1m5!1m4!1i7!2i72!3i43!4i256!2m3!1e0!2sm!3i419119216!3m9!2spl!3sUS!5e18!12m1!1e68!12m3!1e37!2m1!1ssmartmaps!4e0&amp;token=120388\" alt=\"\" \/><\/div>\n<\/div>\n<\/div>\n<\/div>\n<div class=\"gm-style-pbc\" style=\"z-index: 2; position: absolute; height: 100%; width: 100%; padding: 0px; border-width: 0px; margin: 0px; left: 0px; top: 0px; transition-duration: 0ms; opacity: 0;\">\n<p class=\"gm-style-pbt\">\n<\/div>\n<div style=\"z-index: 3; position: absolute; height: 100%; width: 100%; padding: 0px; border-width: 0px; margin: 0px; left: 0px; top: 0px;\">\n<div style=\"z-index: 1; position: absolute; height: 100%; width: 100%; padding: 0px; border-width: 0px; margin: 0px; left: 0px; top: 0px;\"><\/div>\n<\/div>\n<div style=\"z-index: 4; position: absolute; top: 0px; left: 0px; width: 100%; transform-origin: 0px 0px; transform: matrix(1, 0, 0, 1, 0, 0);\">\n<div style=\"position: absolute; left: 0px; top: 0px; z-index: 104; width: 100%;\"><\/div>\n<div style=\"position: absolute; left: 0px; top: 0px; z-index: 105; width: 100%;\"><\/div>\n<div style=\"position: absolute; left: 0px; top: 0px; z-index: 106; width: 100%;\"><\/div>\n<div style=\"position: absolute; left: 0px; top: 0px; z-index: 107; width: 100%;\"><\/div>\n<\/div>\n<\/div>\n<div style=\"margin-left: 5px; margin-right: 5px; z-index: 1000000; position: absolute; left: 0px; bottom: 0px;\">\n<div style=\"width: 66px; height: 26px; cursor: pointer;\"><img decoding=\"async\" style=\"position: absolute; left: 0px; top: 0px; width: 66px; height: 26px; -webkit-user-select: none; border: 0px; padding: 0px; margin: 0px;\" draggable=\"false\" src=\"http:\/\/maps.gstatic.com\/mapfiles\/api-3\/images\/google4.png\" alt=\"\" \/><\/div>\n<\/div>\n<div style=\"background-color: white; padding: 15px 21px; border: 1px solid #ababab; font-family: Roboto, Arial, sans-serif; color: #222222; -webkit-box-shadow: rgba(0, 0, 0, 0.2) 0px 4px 16px; box-shadow: rgba(0, 0, 0, 0.2) 0px 4px 16px; z-index: 10000002; display: none; width: 256px; height: 148px; position: absolute; left: 435px; top: 110px;\">\n<div style=\"padding: 0px 0px 10px; font-size: 16px;\">Dane mapy<\/div>\n<div style=\"font-size: 13px;\">Dane do Mapy \u00a92018 GeoBasis-DE\/BKG (\u00a92009), Google<\/div>\n<div style=\"width: 13px; height: 13px; overflow: hidden; position: absolute; opacity: 0.7; right: 12px; top: 12px; z-index: 10000; cursor: pointer;\"><img decoding=\"async\" style=\"position: absolute; left: -2px; top: -336px; width: 59px; height: 492px; -webkit-user-select: none; border: 0px; padding: 0px; margin: 0px; max-width: none;\" draggable=\"false\" src=\"http:\/\/maps.gstatic.com\/mapfiles\/api-3\/images\/mapcnt6.png\" alt=\"\" \/><\/div>\n<\/div>\n<div class=\"gmnoprint\" style=\"z-index: 1000001; position: absolute; right: 262px; bottom: 0px; width: 268px;\">\n<div class=\"gm-style-cc\" style=\"-webkit-user-select: none; height: 14px; line-height: 14px;\" draggable=\"false\">\n<div style=\"opacity: 0.7; width: 100%; height: 100%; position: absolute;\">\n<div style=\"width: 1px;\"><\/div>\n<div style=\"background-color: #f5f5f5; width: auto; height: 100%; margin-left: 1px;\"><\/div>\n<\/div>\n<div style=\"position: relative; padding-right: 6px; padding-left: 6px; font-family: Roboto, Arial, sans-serif; font-size: 10px; color: #444444; white-space: nowrap; direction: ltr; text-align: right; vertical-align: middle; display: inline-block;\"><a style=\"color: #444444; text-decoration: none; cursor: pointer; display: none;\">Dane mapy<\/a>Dane do Mapy \u00a92018 GeoBasis-DE\/BKG (\u00a92009), Google<\/div>\n<\/div>\n<\/div>\n<div class=\"gmnoscreen\" style=\"position: absolute; right: 0px; bottom: 0px;\">\n<div style=\"font-family: Roboto, Arial, sans-serif; font-size: 11px; color: #444444; direction: ltr; text-align: right; background-color: #f5f5f5;\">Dane do Mapy \u00a92018 GeoBasis-DE\/BKG (\u00a92009), Google<\/div>\n<\/div>\n<div class=\"gmnoprint gm-style-cc\" style=\"z-index: 1000001; -webkit-user-select: none; height: 14px; line-height: 14px; position: absolute; right: 107px; bottom: 0px;\" draggable=\"false\">\n<div style=\"opacity: 0.7; width: 100%; height: 100%; position: absolute;\">\n<div style=\"width: 1px;\"><\/div>\n<div style=\"background-color: #f5f5f5; width: auto; height: 100%; margin-left: 1px;\"><\/div>\n<\/div>\n<div style=\"position: relative; padding-right: 6px; padding-left: 6px; font-family: Roboto, Arial, sans-serif; font-size: 10px; color: #444444; white-space: nowrap; direction: ltr; text-align: right; vertical-align: middle; display: inline-block;\"><a style=\"text-decoration: none; cursor: pointer; color: #444444;\" href=\"https:\/\/www.google.com\/intl\/pl_US\/help\/terms_maps.html\" target=\"_blank\" rel=\"noopener noreferrer\">Warunki korzystania z programu<\/a><\/div>\n<\/div>\n<p><button style=\"background-image: none; border: 0px; margin: 10px 14px; padding: 0px; position: absolute; cursor: pointer; -webkit-user-select: none; width: 25px; height: 25px; overflow: hidden; top: 0px; right: 0px; background-position: initial initial; background-repeat: initial initial;\" title=\"W\u0142\u0105cz widok pe\u0142noekranowy\" draggable=\"false\" type=\"button\" aria-label=\"W\u0142\u0105cz widok pe\u0142noekranowy\"><img decoding=\"async\" class=\"gm-fullscreen-control\" style=\"position: absolute; left: -52px; top: -86px; width: 164px; height: 175px; -webkit-user-select: none; border: 0px; padding: 0px; margin: 0px;\" draggable=\"false\" src=\"http:\/\/maps.gstatic.com\/mapfiles\/api-3\/images\/sv9.png\" alt=\"\" \/><\/button><\/p>\n<div class=\"gm-style-cc\" style=\"-webkit-user-select: none; height: 14px; line-height: 14px; position: absolute; right: 0px; bottom: 0px;\" draggable=\"false\">\n<div style=\"opacity: 0.7; width: 100%; height: 100%; position: absolute;\">\n<div style=\"width: 1px;\"><\/div>\n<div style=\"background-color: #f5f5f5; width: auto; height: 100%; margin-left: 1px;\"><\/div>\n<\/div>\n<div style=\"position: relative; padding-right: 6px; padding-left: 6px; font-family: Roboto, Arial, sans-serif; font-size: 10px; color: #444444; white-space: nowrap; direction: ltr; text-align: right; vertical-align: middle; display: inline-block;\"><a style=\"font-family: Roboto, Arial, sans-serif; font-size: 10px; color: #444444; text-decoration: none; position: relative;\" title=\"Zg\u0142o\u015b do Google b\u0142\u0119dy na mapie drogowej lub na zdj\u0119ciach.\" href=\"https:\/\/www.google.com\/maps\/@51.703516,17.431689,7z\/data=!10m1!1e1!12b1?source=apiv3&amp;rapsrc=apiv3\" target=\"_new\" rel=\"noopener noreferrer\">Zg\u0142o\u015b b\u0142\u0105d w mapach<\/a><\/div>\n<\/div>\n<div class=\"gmnoprint gm-bundled-control gm-bundled-control-on-bottom\" style=\"margin: 10px; -webkit-user-select: none; position: absolute; display: none; bottom: 14px; right: 0px;\" draggable=\"false\">\n<div class=\"gmnoprint\" style=\"display: none; position: absolute;\">\n<div style=\"width: 28px; height: 28px; overflow: hidden; position: absolute; border-top-left-radius: 2px; border-top-right-radius: 2px; border-bottom-right-radius: 2px; border-bottom-left-radius: 2px; -webkit-box-shadow: rgba(0, 0, 0, 0.298039) 0px 1px 4px -1px; box-shadow: rgba(0, 0, 0, 0.298039) 0px 1px 4px -1px; cursor: pointer; background-color: #ffffff; display: none;\" title=\"Obr\u00f3\u0107 map\u0119 o 90 stopni\"><img decoding=\"async\" style=\"position: absolute; left: -141px; top: 6px; width: 170px; height: 54px; -webkit-user-select: none; border: 0px; padding: 0px; margin: 0px; max-width: none;\" draggable=\"false\" src=\"http:\/\/maps.gstatic.com\/mapfiles\/api-3\/images\/tmapctrl4.png\" alt=\"\" \/><\/div>\n<div class=\"gm-tilt\" style=\"width: 28px; height: 28px; overflow: hidden; position: absolute; border-top-left-radius: 2px; border-top-right-radius: 2px; border-bottom-right-radius: 2px; border-bottom-left-radius: 2px; -webkit-box-shadow: rgba(0, 0, 0, 0.298039) 0px 1px 4px -1px; box-shadow: rgba(0, 0, 0, 0.298039) 0px 1px 4px -1px; top: 0px; cursor: pointer; background-color: #ffffff;\"><img decoding=\"async\" style=\"position: absolute; left: -141px; top: -13px; width: 170px; height: 54px; -webkit-user-select: none; border: 0px; padding: 0px; margin: 0px; max-width: none;\" draggable=\"false\" src=\"http:\/\/maps.gstatic.com\/mapfiles\/api-3\/images\/tmapctrl4.png\" alt=\"\" \/><\/div>\n<\/div>\n<\/div>\n<\/div>\n<\/div>\n<\/div>\n","protected":false},"excerpt":{"rendered":"<p>P.P.H Import-Export Piotr Ryba ul. Benicka 32 63-700 Krotoszyn, Polska Tel. \u00a0+48 696 999 888 E-mail: skrawaniem@skrawaniem.pl Dane mapy Dane do Mapy \u00a92018 GeoBasis-DE\/BKG (\u00a92009), Google Dane mapyDane do Mapy \u00a92018 GeoBasis-DE\/BKG (\u00a92009), Google Dane do Mapy \u00a92018 GeoBasis-DE\/BKG (\u00a92009), Google Warunki korzystania z programu Zg\u0142o\u015b b\u0142\u0105d w mapach<\/p>\n","protected":false},"author":1,"featured_media":0,"parent":0,"menu_order":0,"comment_status":"closed","ping_status":"closed","template":"","meta":{"footnotes":""},"_links":{"self":[{"href":"http:\/\/skrawaniem.pl\/de\/wp-json\/wp\/v2\/pages\/44"}],"collection":[{"href":"http:\/\/skrawaniem.pl\/de\/wp-json\/wp\/v2\/pages"}],"about":[{"href":"http:\/\/skrawaniem.pl\/de\/wp-json\/wp\/v2\/types\/page"}],"author":[{"embeddable":true,"href":"http:\/\/skrawaniem.pl\/de\/wp-json\/wp\/v2\/users\/1"}],"replies":[{"embeddable":true,"href":"http:\/\/skrawaniem.pl\/de\/wp-json\/wp\/v2\/comments?post=44"}],"version-history":[{"count":4,"href":"http:\/\/skrawaniem.pl\/de\/wp-json\/wp\/v2\/pages\/44\/revisions"}],"predecessor-version":[{"id":69,"href":"http:\/\/skrawaniem.pl\/de\/wp-json\/wp\/v2\/pages\/44\/revisions\/69"}],"wp:attachment":[{"href":"http:\/\/skrawaniem.pl\/de\/wp-json\/wp\/v2\/media?parent=44"}],"curies":[{"name":"wp","href":"https:\/\/api.w.org\/{rel}","templated":true}]}}