{"id":50,"date":"2018-04-21T22:11:18","date_gmt":"2018-04-21T20:11:18","guid":{"rendered":"http:\/\/skrawaniem.pl\/de\/?page_id=50"},"modified":"2018-04-23T11:02:54","modified_gmt":"2018-04-23T09:02:54","slug":"geschichte","status":"publish","type":"page","link":"http:\/\/skrawaniem.pl\/de\/geschichte\/","title":{"rendered":"Geschichte"},"content":{"rendered":"<p>Die krotoschiner Firma Piotr Ryba Import-Export wurde 1994 gegr\u00fcndet. Der Schwerpunkt unserer Firma ist die professionelle Fertigung im Bereich Spanabnahme.<\/p>\n<p>Die Firma zun\u00e4chst wurde in der Zdunowska-Str. gef\u00fchrt. In Bezug auf den grossen Bedarf der Kunden baute man in Jahre 2006 die neue Produktionshalle. Seit 2007 ist die Firma in der Benicka-Str. t\u00e4tig. Der neue Fertigungsstandort erlaubte die Erweiterung der Fertigungsanlagen.<\/p>\n<p>Im Verlauf 17 Jahren hat sich Firma von der bescheidenen Einheit bis zum straffes Unternehmen entwickelt.<\/p>\n<p>Ausser Spanabnahme besch\u00e4ftigt sich die Firma auch mit anderen Dienstleistungen.<\/p>\n","protected":false},"excerpt":{"rendered":"<p>Die krotoschiner Firma Piotr Ryba Import-Export wurde 1994 gegr\u00fcndet. Der Schwerpunkt unserer Firma ist die professionelle Fertigung im Bereich Spanabnahme. Die Firma zun\u00e4chst wurde in der Zdunowska-Str. gef\u00fchrt. In Bezug auf den grossen Bedarf der Kunden baute man in Jahre 2006 die neue Produktionshalle. Seit 2007 ist die Firma in der Benicka-Str. t\u00e4tig. Der neue [&hellip;]<\/p>\n","protected":false},"author":1,"featured_media":0,"parent":0,"menu_order":0,"comment_status":"closed","ping_status":"closed","template":"","meta":{"footnotes":""},"_links":{"self":[{"href":"http:\/\/skrawaniem.pl\/de\/wp-json\/wp\/v2\/pages\/50"}],"collection":[{"href":"http:\/\/skrawaniem.pl\/de\/wp-json\/wp\/v2\/pages"}],"about":[{"href":"http:\/\/skrawaniem.pl\/de\/wp-json\/wp\/v2\/types\/page"}],"author":[{"embeddable":true,"href":"http:\/\/skrawaniem.pl\/de\/wp-json\/wp\/v2\/users\/1"}],"replies":[{"embeddable":true,"href":"http:\/\/skrawaniem.pl\/de\/wp-json\/wp\/v2\/comments?post=50"}],"version-history":[{"count":2,"href":"http:\/\/skrawaniem.pl\/de\/wp-json\/wp\/v2\/pages\/50\/revisions"}],"predecessor-version":[{"id":66,"href":"http:\/\/skrawaniem.pl\/de\/wp-json\/wp\/v2\/pages\/50\/revisions\/66"}],"wp:attachment":[{"href":"http:\/\/skrawaniem.pl\/de\/wp-json\/wp\/v2\/media?parent=50"}],"curies":[{"name":"wp","href":"https:\/\/api.w.org\/{rel}","templated":true}]}}