{"id":6,"date":"2018-04-21T21:23:38","date_gmt":"2018-04-21T19:23:38","guid":{"rendered":"http:\/\/skrawaniem.pl\/de\/?page_id=6"},"modified":"2018-04-23T11:02:47","modified_gmt":"2018-04-23T09:02:47","slug":"uber-die-firma","status":"publish","type":"page","link":"http:\/\/skrawaniem.pl\/de\/","title":{"rendered":"\u00dcber die Firma"},"content":{"rendered":"<p><img decoding=\"async\" class=\"alignright\" src=\"http:\/\/skrawaniem.pl\/wp-content\/uploads\/2018\/04\/firma-300x185.jpg\" \/>Sehr geehrte Damen und Herren<\/p>\n<p>Im Jahre 1994 begann Firma ihre T\u00e4tigkeit und besch\u00e4ftigt sich mit der konventionellen spanabhebender Formgebung. Unsere Firma verf\u00fcgt \u00fcber hochqualifizierte und erfahrene Mitarbeiter im Bereich Spanabnahme.<\/p>\n<p>\u00dcber 90% unserer Produktion exportieren wir vor allem nach Deutschland. Wir sind Partner von der deutschen Firma BURO (<a href=\"http:\/\/www.buro-winden.de\">http:\/\/www.buro-winden.de<\/a>). Im 2009 begannen wir mit unserer Dienstleistung auf dem polnischen Markt.<\/p>\n<p>Unser Schwerpunkt ist termingerechte und professionelle Ausf\u00fchrung der Elemente.<\/p>\n<p>Wir hoffen auf eine erfolgreiche Zusammenarbeit in Polen und in Deutschland.<\/p>\n","protected":false},"excerpt":{"rendered":"<p>Sehr geehrte Damen und Herren Im Jahre 1994 begann Firma ihre T\u00e4tigkeit und besch\u00e4ftigt sich mit der konventionellen spanabhebender Formgebung. Unsere Firma verf\u00fcgt \u00fcber hochqualifizierte und erfahrene Mitarbeiter im Bereich Spanabnahme. \u00dcber 90% unserer Produktion exportieren wir vor allem nach Deutschland. Wir sind Partner von der deutschen Firma BURO (http:\/\/www.buro-winden.de). Im 2009 begannen wir mit [&hellip;]<\/p>\n","protected":false},"author":1,"featured_media":0,"parent":0,"menu_order":0,"comment_status":"closed","ping_status":"closed","template":"","meta":{"footnotes":""},"_links":{"self":[{"href":"http:\/\/skrawaniem.pl\/de\/wp-json\/wp\/v2\/pages\/6"}],"collection":[{"href":"http:\/\/skrawaniem.pl\/de\/wp-json\/wp\/v2\/pages"}],"about":[{"href":"http:\/\/skrawaniem.pl\/de\/wp-json\/wp\/v2\/types\/page"}],"author":[{"embeddable":true,"href":"http:\/\/skrawaniem.pl\/de\/wp-json\/wp\/v2\/users\/1"}],"replies":[{"embeddable":true,"href":"http:\/\/skrawaniem.pl\/de\/wp-json\/wp\/v2\/comments?post=6"}],"version-history":[{"count":3,"href":"http:\/\/skrawaniem.pl\/de\/wp-json\/wp\/v2\/pages\/6\/revisions"}],"predecessor-version":[{"id":65,"href":"http:\/\/skrawaniem.pl\/de\/wp-json\/wp\/v2\/pages\/6\/revisions\/65"}],"wp:attachment":[{"href":"http:\/\/skrawaniem.pl\/de\/wp-json\/wp\/v2\/media?parent=6"}],"curies":[{"name":"wp","href":"https:\/\/api.w.org\/{rel}","templated":true}]}}